{"id":531,"date":"2025-05-08T10:04:24","date_gmt":"2025-05-08T08:04:24","guid":{"rendered":"https:\/\/domenp20.sg-host.com\/?page_id=531"},"modified":"2025-05-08T13:13:44","modified_gmt":"2025-05-08T11:13:44","slug":"research-and-development","status":"publish","type":"page","link":"https:\/\/www.culmium.com\/sl\/research-and-development\/","title":{"rendered":"Raziskave in Razvoj po meri"},"content":{"rendered":"<div data-elementor-type=\"wp-page\" data-elementor-id=\"531\" class=\"elementor elementor-531\" data-elementor-post-type=\"page\">\n\t\t\t\t<div class=\"elementor-element elementor-element-bd341b3 e-flex e-con-boxed e-con e-parent\" data-id=\"bd341b3\" data-element_type=\"container\" data-e-type=\"container\">\n\t\t\t\t\t<div class=\"e-con-inner\">\n\t\t<div class=\"elementor-element elementor-element-5581496 e-con-full e-flex e-con e-child\" data-id=\"5581496\" data-element_type=\"container\" data-e-type=\"container\">\n\t\t\t\t<div class=\"elementor-element elementor-element-8fa410c elementor-widget elementor-widget-heading\" data-id=\"8fa410c\" data-element_type=\"widget\" data-e-type=\"widget\" data-widget_type=\"heading.default\">\n\t\t\t\t<div class=\"elementor-widget-container\">\n\t\t\t\t\t<h1 class=\"elementor-heading-title elementor-size-default\">Raziskave in Razvoj po meri<\/h1>\t\t\t\t<\/div>\n\t\t\t\t<\/div>\n\t\t\t\t<div class=\"elementor-element elementor-element-dd18b00 elementor-widget elementor-widget-text-editor\" data-id=\"dd18b00\" data-element_type=\"widget\" data-e-type=\"widget\" data-widget_type=\"text-editor.default\">\n\t\t\t\t<div class=\"elementor-widget-container\">\n\t\t\t\t\t\t\t\t\t<p>Na\u0161a ekipa deluje sti\u010di\u0161\u010du fizike, materialnih znanosti in podatkovne analitike, kjer podjetjem in raziskovalnim organizacijam pomagamo preoblikovati ideje v merljiv napredek. Ne glede na to, ali razvijate nove materiale, optimizirate procese ali raziskujete nekaj povsem novega, zagotavljamo strokovno znanje, orodja in sodelovanje, ki so potrebni, da izzive spremenite v re\u0161itve.<\/p>\t\t\t\t\t\t\t\t<\/div>\n\t\t\t\t<\/div>\n\t\t\t\t<div class=\"elementor-element elementor-element-b44ed8b elementor-mobile-align-justify elementor-widget elementor-widget-button\" data-id=\"b44ed8b\" data-element_type=\"widget\" data-e-type=\"widget\" data-widget_type=\"button.default\">\n\t\t\t\t<div class=\"elementor-widget-container\">\n\t\t\t\t\t\t\t\t\t<div class=\"elementor-button-wrapper\">\n\t\t\t\t\t<a class=\"elementor-button elementor-button-link elementor-size-sm\" href=\"https:\/\/www.culmium.com\/sl\/contact\/\">\n\t\t\t\t\t\t<span class=\"elementor-button-content-wrapper\">\n\t\t\t\t\t\t\t\t\t<span class=\"elementor-button-text\">Rezervirajte posvet<\/span>\n\t\t\t\t\t<\/span>\n\t\t\t\t\t<\/a>\n\t\t\t\t<\/div>\n\t\t\t\t\t\t\t\t<\/div>\n\t\t\t\t<\/div>\n\t\t\t\t<\/div>\n\t\t<div class=\"elementor-element elementor-element-8b4547b e-con-full e-flex e-con e-child\" data-id=\"8b4547b\" data-element_type=\"container\" data-e-type=\"container\">\n\t\t\t\t<div class=\"elementor-element elementor-element-d541975 elementor-widget elementor-widget-image\" data-id=\"d541975\" data-element_type=\"widget\" data-e-type=\"widget\" data-widget_type=\"image.default\">\n\t\t\t\t<div class=\"elementor-widget-container\">\n\t\t\t\t\t\t\t\t\t\t\t\t\t\t\t<img fetchpriority=\"high\" decoding=\"async\" width=\"1200\" height=\"675\" src=\"https:\/\/www.culmium.com\/wp-content\/uploads\/2025\/05\/research-and-development.jpg\" class=\"attachment-full size-full wp-image-556\" alt=\"\" srcset=\"https:\/\/www.culmium.com\/wp-content\/uploads\/2025\/05\/research-and-development.jpg 1200w, https:\/\/www.culmium.com\/wp-content\/uploads\/2025\/05\/research-and-development-768x432.jpg 768w\" sizes=\"(max-width: 1200px) 100vw, 1200px\" \/>\t\t\t\t\t\t\t\t\t\t\t\t\t\t\t<\/div>\n\t\t\t\t<\/div>\n\t\t\t\t<\/div>\n\t\t\t\t\t<\/div>\n\t\t\t\t<\/div>\n\t\t<div class=\"elementor-element elementor-element-167798e e-flex e-con-boxed e-con e-parent\" data-id=\"167798e\" data-element_type=\"container\" data-e-type=\"container\">\n\t\t\t\t\t<div class=\"e-con-inner\">\n\t\t<div class=\"elementor-element elementor-element-28f90cb e-con-full e-flex e-con e-child\" data-id=\"28f90cb\" data-element_type=\"container\" data-e-type=\"container\">\n\t\t\t\t<div class=\"elementor-element elementor-element-69e496a elementor-widget__width-initial elementor-widget elementor-widget-heading\" data-id=\"69e496a\" data-element_type=\"widget\" data-e-type=\"widget\" data-widget_type=\"heading.default\">\n\t\t\t\t<div class=\"elementor-widget-container\">\n\t\t\t\t\t<h2 class=\"elementor-heading-title elementor-size-default\">S \u010dim se ukvarjamo<\/h2>\t\t\t\t<\/div>\n\t\t\t\t<\/div>\n\t\t\t\t<div class=\"elementor-element elementor-element-26990cc elementor-widget__width-initial elementor-widget elementor-widget-text-editor\" data-id=\"26990cc\" data-element_type=\"widget\" data-e-type=\"widget\" data-widget_type=\"text-editor.default\">\n\t\t\t\t<div class=\"elementor-widget-container\">\n\t\t\t\t\t\t\t\t\t<p class=\"translation-block\" data-start=\"104\" data-end=\"360\">Na\u0161e storitve raziskav in razvoja (R&amp;D) temeljijo na konkretnih pristopih ne na teoreti\u010dnih razpravah. \nVsakemu projektu pristopamo interdisciplinarno. Zdru\u017eujemo fiziko, industrijsko znanje in analizo podatkov, da re\u0161imo zahtevne izzive in pospe\u0161imo inovacije.<\/p>\t\t\t\t\t\t\t\t<\/div>\n\t\t\t\t<\/div>\n\t\t\t\t<\/div>\n\t\t<div class=\"elementor-element elementor-element-e595c9e e-con-full e-flex e-con e-child\" data-id=\"e595c9e\" data-element_type=\"container\" data-e-type=\"container\">\n\t\t<div class=\"elementor-element elementor-element-b178d94 e-con-full e-flex e-con e-child\" data-id=\"b178d94\" data-element_type=\"container\" data-e-type=\"container\">\n\t\t<div class=\"elementor-element elementor-element-bf7357d e-con-full e-flex e-con e-child\" data-id=\"bf7357d\" data-element_type=\"container\" data-e-type=\"container\" data-settings=\"{&quot;background_background&quot;:&quot;classic&quot;}\">\n\t\t\t\t<div class=\"elementor-element elementor-element-af22094 elementor-widget elementor-widget-heading\" data-id=\"af22094\" data-element_type=\"widget\" data-e-type=\"widget\" data-widget_type=\"heading.default\">\n\t\t\t\t<div class=\"elementor-widget-container\">\n\t\t\t\t\t<h2 class=\"elementor-heading-title elementor-size-default\">Novi proizvodni procesi<\/h2>\t\t\t\t<\/div>\n\t\t\t\t<\/div>\n\t\t\t\t<div class=\"elementor-element elementor-element-e400dfe elementor-widget elementor-widget-text-editor\" data-id=\"e400dfe\" data-element_type=\"widget\" data-e-type=\"widget\" data-widget_type=\"text-editor.default\">\n\t\t\t\t<div class=\"elementor-widget-container\">\n\t\t\t\t\t\t\t\t\t<p class=\"\" data-start=\"177\" data-end=\"391\">Pomagamo vam oblikovati ali izbolj\u0161ati procese, ki so u\u010dinkovitej\u0161i, zanesljivej\u0161i in aplikabilni - prilagojeni va\u0161im materialom, okolju in ciljem.<\/p>\t\t\t\t\t\t\t\t<\/div>\n\t\t\t\t<\/div>\n\t\t\t\t<\/div>\n\t\t<div class=\"elementor-element elementor-element-a22261d e-con-full e-flex e-con e-child\" data-id=\"a22261d\" data-element_type=\"container\" data-e-type=\"container\" data-settings=\"{&quot;background_background&quot;:&quot;classic&quot;}\">\n\t\t\t\t<div class=\"elementor-element elementor-element-61268a4 elementor-widget elementor-widget-heading\" data-id=\"61268a4\" data-element_type=\"widget\" data-e-type=\"widget\" data-widget_type=\"heading.default\">\n\t\t\t\t<div class=\"elementor-widget-container\">\n\t\t\t\t\t<h2 class=\"elementor-heading-title elementor-size-default\">Inovativni razvoj izdelkov<\/h2>\t\t\t\t<\/div>\n\t\t\t\t<\/div>\n\t\t\t\t<div class=\"elementor-element elementor-element-6aa1df5 elementor-widget elementor-widget-text-editor\" data-id=\"6aa1df5\" data-element_type=\"widget\" data-e-type=\"widget\" data-widget_type=\"text-editor.default\">\n\t\t\t\t<div class=\"elementor-widget-container\">\n\t\t\t\t\t\t\t\t\t<p class=\"translation-block\" data-start=\"438\" data-end=\"636\">Z uporabo rezultatov iz tomografije, simulacij in podatkovnega modeliranja podpiramo ustvarjanje izdelkov nove generacije v vsakovrstnih industrijskih panogah, od farmacije do elektronike.<\/p>\t\t\t\t\t\t\t\t<\/div>\n\t\t\t\t<\/div>\n\t\t\t\t<\/div>\n\t\t<div class=\"elementor-element elementor-element-18d1182 e-con-full e-flex e-con e-child\" data-id=\"18d1182\" data-element_type=\"container\" data-e-type=\"container\" data-settings=\"{&quot;background_background&quot;:&quot;classic&quot;}\">\n\t\t\t\t<div class=\"elementor-element elementor-element-7bb7121 elementor-widget elementor-widget-heading\" data-id=\"7bb7121\" data-element_type=\"widget\" data-e-type=\"widget\" data-widget_type=\"heading.default\">\n\t\t\t\t<div class=\"elementor-widget-container\">\n\t\t\t\t\t<h2 class=\"elementor-heading-title elementor-size-default\">Sodelovanje v raziskavah<\/h2>\t\t\t\t<\/div>\n\t\t\t\t<\/div>\n\t\t\t\t<div class=\"elementor-element elementor-element-c9391b5 elementor-widget elementor-widget-text-editor\" data-id=\"c9391b5\" data-element_type=\"widget\" data-e-type=\"widget\" data-widget_type=\"text-editor.default\">\n\t\t\t\t<div class=\"elementor-widget-container\">\n\t\t\t\t\t\t\t\t\t<p>Sodelujemo s podjetji, in\u0161tituti in laboratoriji, da premostimo vrzel med znanstvenimi dognanji in industrijsko uporabo - tako, da ideje niso le zanimive, ampak tudi izvedljive.<\/p>\t\t\t\t\t\t\t\t<\/div>\n\t\t\t\t<\/div>\n\t\t\t\t<\/div>\n\t\t<div class=\"elementor-element elementor-element-1e31735 e-con-full e-flex e-con e-child\" data-id=\"1e31735\" data-element_type=\"container\" data-e-type=\"container\" data-settings=\"{&quot;background_background&quot;:&quot;classic&quot;}\">\n\t\t\t\t<div class=\"elementor-element elementor-element-3fa8cdd elementor-widget elementor-widget-heading\" data-id=\"3fa8cdd\" data-element_type=\"widget\" data-e-type=\"widget\" data-widget_type=\"heading.default\">\n\t\t\t\t<div class=\"elementor-widget-container\">\n\t\t\t\t\t<h2 class=\"elementor-heading-title elementor-size-default\">Prenos znanja<\/h2>\t\t\t\t<\/div>\n\t\t\t\t<\/div>\n\t\t\t\t<div class=\"elementor-element elementor-element-2347880 elementor-widget elementor-widget-text-editor\" data-id=\"2347880\" data-element_type=\"widget\" data-e-type=\"widget\" data-widget_type=\"text-editor.default\">\n\t\t\t\t<div class=\"elementor-widget-container\">\n\t\t\t\t\t\t\t\t\t<p data-start=\"1679\" data-end=\"1818\">Ne razvijamo le novih metod - pomagamo vam tudi z njihovo <strong data-start=\"1727\" data-end=\"1745\">implementacijo<\/strong>in usposobimo va\u0161o ekipo, da zagotovimo dolgoro\u010dno vrednost.<\/p>\t\t\t\t\t\t\t\t<\/div>\n\t\t\t\t<\/div>\n\t\t\t\t<\/div>\n\t\t\t\t<\/div>\n\t\t\t\t<\/div>\n\t\t\t\t\t<\/div>\n\t\t\t\t<\/div>\n\t\t<div class=\"elementor-element elementor-element-168d677 e-flex e-con-boxed e-con e-parent\" data-id=\"168d677\" data-element_type=\"container\" data-e-type=\"container\">\n\t\t\t\t\t<div class=\"e-con-inner\">\n\t\t<div class=\"elementor-element elementor-element-331e139 e-con-full e-flex e-con e-child\" data-id=\"331e139\" data-element_type=\"container\" data-e-type=\"container\">\n\t\t\t\t<div class=\"elementor-element elementor-element-e5da938 elementor-widget elementor-widget-heading\" data-id=\"e5da938\" data-element_type=\"widget\" data-e-type=\"widget\" data-widget_type=\"heading.default\">\n\t\t\t\t<div class=\"elementor-widget-container\">\n\t\t\t\t\t<h2 class=\"elementor-heading-title elementor-size-default\">Kako delujemo<\/h2>\t\t\t\t<\/div>\n\t\t\t\t<\/div>\n\t\t\t\t<div class=\"elementor-element elementor-element-1a738a8 elementor-widget__width-initial elementor-widget elementor-widget-text-editor\" data-id=\"1a738a8\" data-element_type=\"widget\" data-e-type=\"widget\" data-widget_type=\"text-editor.default\">\n\t\t\t\t<div class=\"elementor-widget-container\">\n\t\t\t\t\t\t\t\t\t<p data-start=\"226\" data-end=\"483\">Nudimo prilagodljive oblike sodelovanja, ki ustrezajo va\u0161im potrebam - od celovitega raziskovanja do skupnega razvoja. Ne glede na to, ali raziskujete nove materiale, izbolj\u0161ujete proces ali prijavljate projekt s sofinanciranjem; prilagodimo podporo tako, da dose\u017eete svoje cilje.<\/p>\t\t\t\t\t\t\t\t<\/div>\n\t\t\t\t<\/div>\n\t\t\t\t<\/div>\n\t\t<div class=\"elementor-element elementor-element-42b0821 e-con-full e-flex e-con e-child\" data-id=\"42b0821\" data-element_type=\"container\" data-e-type=\"container\">\n\t\t<div class=\"elementor-element elementor-element-f07e912 e-con-full e-flex e-con e-child\" data-id=\"f07e912\" data-element_type=\"container\" data-e-type=\"container\">\n\t\t<div class=\"elementor-element elementor-element-8f2d107 e-con-full e-flex e-con e-child\" data-id=\"8f2d107\" data-element_type=\"container\" data-e-type=\"container\" data-settings=\"{&quot;background_background&quot;:&quot;classic&quot;}\">\n\t\t\t\t<div class=\"elementor-element elementor-element-ce0add6 elementor-widget elementor-widget-heading\" data-id=\"ce0add6\" data-element_type=\"widget\" data-e-type=\"widget\" data-widget_type=\"heading.default\">\n\t\t\t\t<div class=\"elementor-widget-container\">\n\t\t\t\t\t<h2 class=\"elementor-heading-title elementor-size-default\">Zunanji R&amp;D<\/h2>\t\t\t\t<\/div>\n\t\t\t\t<\/div>\n\t\t\t\t<div class=\"elementor-element elementor-element-bf8ce1f elementor-widget elementor-widget-text-editor\" data-id=\"bf8ce1f\" data-element_type=\"widget\" data-e-type=\"widget\" data-widget_type=\"text-editor.default\">\n\t\t\t\t<div class=\"elementor-widget-container\">\n\t\t\t\t\t\t\t\t\t<p class=\"\" data-start=\"177\" data-end=\"391\">Prepustite nam raziskave in razvoj od za\u010detka do konca. Na\u010drtujemo, analiziramo in zagotavljamo jasne rezultate - va\u0161a ekipa se lahko osredoto\u010di na svoje delo, hkrati pa projekti napredujejo.<\/p>\t\t\t\t\t\t\t\t<\/div>\n\t\t\t\t<\/div>\n\t\t\t\t<\/div>\n\t\t<div class=\"elementor-element elementor-element-c8a66b7 e-con-full e-flex e-con e-child\" data-id=\"c8a66b7\" data-element_type=\"container\" data-e-type=\"container\" data-settings=\"{&quot;background_background&quot;:&quot;classic&quot;}\">\n\t\t\t\t<div class=\"elementor-element elementor-element-fa4dd51 elementor-widget elementor-widget-heading\" data-id=\"fa4dd51\" data-element_type=\"widget\" data-e-type=\"widget\" data-widget_type=\"heading.default\">\n\t\t\t\t<div class=\"elementor-widget-container\">\n\t\t\t\t\t<h2 class=\"elementor-heading-title elementor-size-default\">Skupni projekti<\/h2>\t\t\t\t<\/div>\n\t\t\t\t<\/div>\n\t\t\t\t<div class=\"elementor-element elementor-element-12885e4 elementor-widget elementor-widget-text-editor\" data-id=\"12885e4\" data-element_type=\"widget\" data-e-type=\"widget\" data-widget_type=\"text-editor.default\">\n\t\t\t\t<div class=\"elementor-widget-container\">\n\t\t\t\t\t\t\t\t\t<p class=\"\" data-start=\"438\" data-end=\"636\">Sodelujte z na\u0161o ekipo pri sooblikovanju re\u0161itev. Zdru\u017eujemo znanstvena spoznanja in orodja z va\u0161im znanjem iz izku\u0161enj ter skupaj ustvarjamo prakti\u010dne rezultate.<\/p>\t\t\t\t\t\t\t\t<\/div>\n\t\t\t\t<\/div>\n\t\t\t\t<\/div>\n\t\t<div class=\"elementor-element elementor-element-b0a5a6b e-con-full e-flex e-con e-child\" data-id=\"b0a5a6b\" data-element_type=\"container\" data-e-type=\"container\" data-settings=\"{&quot;background_background&quot;:&quot;classic&quot;}\">\n\t\t\t\t<div class=\"elementor-element elementor-element-04cbcf4 elementor-widget elementor-widget-heading\" data-id=\"04cbcf4\" data-element_type=\"widget\" data-e-type=\"widget\" data-widget_type=\"heading.default\">\n\t\t\t\t<div class=\"elementor-widget-container\">\n\t\t\t\t\t<h2 class=\"elementor-heading-title elementor-size-default\">Podpora pri sofinanciranih projektih<\/h2>\t\t\t\t<\/div>\n\t\t\t\t<\/div>\n\t\t\t\t<div class=\"elementor-element elementor-element-441d47e elementor-widget elementor-widget-text-editor\" data-id=\"441d47e\" data-element_type=\"widget\" data-e-type=\"widget\" data-widget_type=\"text-editor.default\">\n\t\t\t\t<div class=\"elementor-widget-container\">\n\t\t\t\t\t\t\t\t\t<p class=\"\" data-start=\"1140\" data-end=\"1186\">Potrebujete R&amp;D partnerja za nacionalne ali EU-projekte? Prispevamo tehni\u010dno strokovnost, pomagamo pri izbolj\u0161avi va\u0161e prijave in ostanemo vklju\u010deni skozi celotno izvedbo projekta.<\/p>\t\t\t\t\t\t\t\t<\/div>\n\t\t\t\t<\/div>\n\t\t\t\t<\/div>\n\t\t\t\t<\/div>\n\t\t\t\t<\/div>\n\t\t\t\t\t<\/div>\n\t\t\t\t<\/div>\n\t\t<div class=\"elementor-element elementor-element-e3b1541 e-flex e-con-boxed e-con e-parent\" data-id=\"e3b1541\" data-element_type=\"container\" data-e-type=\"container\">\n\t\t\t\t\t<div class=\"e-con-inner\">\n\t\t<div class=\"elementor-element elementor-element-35f14f2 e-con-full e-flex e-con e-child\" data-id=\"35f14f2\" data-element_type=\"container\" data-e-type=\"container\">\n\t\t\t\t<div class=\"elementor-element elementor-element-f6fe264 elementor-widget elementor-widget-image\" data-id=\"f6fe264\" data-element_type=\"widget\" data-e-type=\"widget\" data-widget_type=\"image.default\">\n\t\t\t\t<div class=\"elementor-widget-container\">\n\t\t\t\t\t\t\t\t\t\t\t\t\t\t\t<img decoding=\"async\" width=\"1200\" height=\"801\" src=\"https:\/\/www.culmium.com\/wp-content\/uploads\/2025\/05\/tools-we-use-rnd.jpg\" class=\"attachment-full size-full wp-image-558\" alt=\"\" srcset=\"https:\/\/www.culmium.com\/wp-content\/uploads\/2025\/05\/tools-we-use-rnd.jpg 1200w, https:\/\/www.culmium.com\/wp-content\/uploads\/2025\/05\/tools-we-use-rnd-768x513.jpg 768w\" sizes=\"(max-width: 1200px) 100vw, 1200px\" \/>\t\t\t\t\t\t\t\t\t\t\t\t\t\t\t<\/div>\n\t\t\t\t<\/div>\n\t\t\t\t<\/div>\n\t\t<div class=\"elementor-element elementor-element-c909301 e-con-full e-flex e-con e-child\" data-id=\"c909301\" data-element_type=\"container\" data-e-type=\"container\">\n\t\t\t\t<div class=\"elementor-element elementor-element-2a16a62 elementor-widget elementor-widget-heading\" data-id=\"2a16a62\" data-element_type=\"widget\" data-e-type=\"widget\" data-widget_type=\"heading.default\">\n\t\t\t\t<div class=\"elementor-widget-container\">\n\t\t\t\t\t<h2 class=\"elementor-heading-title elementor-size-default\">Orodja, ki poganjajo na\u0161e raziskave in razvoj (R&amp;D)<\/h2>\t\t\t\t<\/div>\n\t\t\t\t<\/div>\n\t\t\t\t<div class=\"elementor-element elementor-element-bf0d3bb elementor-widget elementor-widget-text-editor\" data-id=\"bf0d3bb\" data-element_type=\"widget\" data-e-type=\"widget\" data-widget_type=\"text-editor.default\">\n\t\t\t\t<div class=\"elementor-widget-container\">\n\t\t\t\t\t\t\t\t\t<p data-start=\"2283\" data-end=\"2349\">Na\u0161e delo podpirajo zmogljive tehnologije in orodja:<\/p><ul data-start=\"2351\" data-end=\"2544\"><li data-start=\"2351\" data-end=\"2400\"><p data-start=\"2353\" data-end=\"2400\"><strong data-start=\"2353\" data-end=\"2398\">Rentgenska tomografija (Neoscan &amp; RX Solutions)<\/strong><\/p><\/li><li data-start=\"2401\" data-end=\"2441\"><p data-start=\"2403\" data-end=\"2441\"><strong data-start=\"2403\" data-end=\"2439\">3D analiza posnetkov z Dragonfly<\/strong><\/p><\/li><li data-start=\"2442\" data-end=\"2485\"><p data-start=\"2444\" data-end=\"2485\"><strong data-start=\"2444\" data-end=\"2483\">Analiza podatkov in modeliranje z JMP<\/strong><\/p><\/li><li data-start=\"2486\" data-end=\"2544\"><p data-start=\"2488\" data-end=\"2544\"><strong data-start=\"2488\" data-end=\"2544\">Po meri razviti programi v python-u<\/strong><\/p><\/li><\/ul><p data-start=\"2546\" data-end=\"2720\" class=\"translation-block\">Solastni\u0161tvo razvojnega centra RC eNeM nam omogo\u010da, da povezujemo znanost z realnimi industrijskimi potrebami.<\/p>\t\t\t\t\t\t\t\t<\/div>\n\t\t\t\t<\/div>\n\t\t\t\t<\/div>\n\t\t\t\t\t<\/div>\n\t\t\t\t<\/div>\n\t\t<div class=\"elementor-element elementor-element-b2a723a e-flex e-con-boxed e-con e-parent\" data-id=\"b2a723a\" data-element_type=\"container\" data-e-type=\"container\">\n\t\t\t\t\t<div class=\"e-con-inner\">\n\t\t<div class=\"elementor-element elementor-element-dcab41b e-con-full e-flex e-con e-child\" data-id=\"dcab41b\" data-element_type=\"container\" data-e-type=\"container\">\n\t\t\t\t<div class=\"elementor-element elementor-element-1d4c123 elementor-widget elementor-widget-heading\" data-id=\"1d4c123\" data-element_type=\"widget\" data-e-type=\"widget\" data-widget_type=\"heading.default\">\n\t\t\t\t<div class=\"elementor-widget-container\">\n\t\t\t\t\t<h2 class=\"elementor-heading-title elementor-size-default\">Od ideje do u\u010dinka<\/h2>\t\t\t\t<\/div>\n\t\t\t\t<\/div>\n\t\t\t\t<div class=\"elementor-element elementor-element-b227a8e elementor-widget elementor-widget-text-editor\" data-id=\"b227a8e\" data-element_type=\"widget\" data-e-type=\"widget\" data-widget_type=\"text-editor.default\">\n\t\t\t\t<div class=\"elementor-widget-container\">\n\t\t\t\t\t\t\t\t\t<p data-start=\"215\" data-end=\"551\">Ne glede na to, ali ste z idejo \u0161ele na za\u010detku ali \u017eelite izbolj\u0161ati in raz\u0161iriti obstoje\u010d proces, smo pripravljeni, da vam pomagamo napredovati z jasnostjo in samozavestjo. Na\u0161a ekipa zdru\u017euje znanstveno strokovnost s prakti\u010dnimi izku\u0161njami ter vas podpira v vsaki fazi - od prepoznavanja klju\u010dnega izziva do izvedbe preverjenih re\u0161itev v realnem okolju.<\/p><p data-start=\"553\" data-end=\"804\">Verjamemo, da najbolj\u0161i rezultati nastanejo s tesnim sodelovanjem, odprto komunikacijo in poglobljenim razumevanjem tako znanosti kot prakti\u010dne uporabe. Ne glede na obseg va\u0161ega projekta bomo z vami sodelovali, da bo rezultat smiseln, merljiv in u\u010dinkovit.<\/p>\t\t\t\t\t\t\t\t<\/div>\n\t\t\t\t<\/div>\n\t\t\t\t<div class=\"elementor-element elementor-element-4377a90 elementor-mobile-align-justify elementor-widget elementor-widget-button\" data-id=\"4377a90\" data-element_type=\"widget\" data-e-type=\"widget\" data-widget_type=\"button.default\">\n\t\t\t\t<div class=\"elementor-widget-container\">\n\t\t\t\t\t\t\t\t\t<div class=\"elementor-button-wrapper\">\n\t\t\t\t\t<a class=\"elementor-button elementor-button-link elementor-size-sm\" href=\"https:\/\/www.culmium.com\/sl\/contact\/\">\n\t\t\t\t\t\t<span class=\"elementor-button-content-wrapper\">\n\t\t\t\t\t\t\t\t\t<span class=\"elementor-button-text\">Rezervirajte posvet<\/span>\n\t\t\t\t\t<\/span>\n\t\t\t\t\t<\/a>\n\t\t\t\t<\/div>\n\t\t\t\t\t\t\t\t<\/div>\n\t\t\t\t<\/div>\n\t\t\t\t<\/div>\n\t\t<div class=\"elementor-element elementor-element-dda2d62 e-con-full e-flex e-con e-child\" data-id=\"dda2d62\" data-element_type=\"container\" data-e-type=\"container\">\n\t\t\t\t<div class=\"elementor-element elementor-element-dbc2b96 elementor-widget-mobile__width-inherit elementor-widget elementor-widget-image\" data-id=\"dbc2b96\" data-element_type=\"widget\" data-e-type=\"widget\" data-widget_type=\"image.default\">\n\t\t\t\t<div class=\"elementor-widget-container\">\n\t\t\t\t\t\t\t\t\t\t\t\t\t\t\t<img decoding=\"async\" width=\"1200\" height=\"800\" src=\"https:\/\/www.culmium.com\/wp-content\/uploads\/2025\/05\/rnd-cta.jpg\" class=\"attachment-full size-full wp-image-562\" alt=\"\" srcset=\"https:\/\/www.culmium.com\/wp-content\/uploads\/2025\/05\/rnd-cta.jpg 1200w, https:\/\/www.culmium.com\/wp-content\/uploads\/2025\/05\/rnd-cta-768x512.jpg 768w\" sizes=\"(max-width: 1200px) 100vw, 1200px\" \/>\t\t\t\t\t\t\t\t\t\t\t\t\t\t\t<\/div>\n\t\t\t\t<\/div>\n\t\t\t\t<\/div>\n\t\t\t\t\t<\/div>\n\t\t\t\t<\/div>\n\t\t\t\t<\/div>","protected":false},"excerpt":{"rendered":"<p>Research &#038; Development At Culmium, we work at the intersection of physics, materials science, and data \u2014 helping companies and research institutions turn ideas into measurable progress. Whether you&#8217;re developing new materials, optimizing processes, or exploring something entirely new, we provide the expertise, tools, and collaboration needed to move from challenge to solution. Book a [&hellip;]<\/p>\n","protected":false},"author":1,"featured_media":0,"parent":0,"menu_order":0,"comment_status":"closed","ping_status":"closed","template":"","meta":{"footnotes":""},"class_list":["post-531","page","type-page","status-publish","hentry"],"_links":{"self":[{"href":"https:\/\/www.culmium.com\/sl\/wp-json\/wp\/v2\/pages\/531","targetHints":{"allow":["GET"]}}],"collection":[{"href":"https:\/\/www.culmium.com\/sl\/wp-json\/wp\/v2\/pages"}],"about":[{"href":"https:\/\/www.culmium.com\/sl\/wp-json\/wp\/v2\/types\/page"}],"author":[{"embeddable":true,"href":"https:\/\/www.culmium.com\/sl\/wp-json\/wp\/v2\/users\/1"}],"replies":[{"embeddable":true,"href":"https:\/\/www.culmium.com\/sl\/wp-json\/wp\/v2\/comments?post=531"}],"version-history":[{"count":16,"href":"https:\/\/www.culmium.com\/sl\/wp-json\/wp\/v2\/pages\/531\/revisions"}],"predecessor-version":[{"id":565,"href":"https:\/\/www.culmium.com\/sl\/wp-json\/wp\/v2\/pages\/531\/revisions\/565"}],"wp:attachment":[{"href":"https:\/\/www.culmium.com\/sl\/wp-json\/wp\/v2\/media?parent=531"}],"curies":[{"name":"wp","href":"https:\/\/api.w.org\/{rel}","templated":true}]}}