{"id":568,"date":"2025-05-08T13:24:50","date_gmt":"2025-05-08T11:24:50","guid":{"rendered":"https:\/\/domenp20.sg-host.com\/?page_id=568"},"modified":"2025-05-08T15:41:19","modified_gmt":"2025-05-08T13:41:19","slug":"about-us","status":"publish","type":"page","link":"https:\/\/www.culmium.com\/sl\/about-us\/","title":{"rendered":"O nas"},"content":{"rendered":"<div data-elementor-type=\"wp-page\" data-elementor-id=\"568\" class=\"elementor elementor-568\" data-elementor-post-type=\"page\">\n\t\t\t\t<div class=\"elementor-element elementor-element-bd341b3 e-flex e-con-boxed e-con e-parent\" data-id=\"bd341b3\" data-element_type=\"container\" data-e-type=\"container\">\n\t\t\t\t\t<div class=\"e-con-inner\">\n\t\t<div class=\"elementor-element elementor-element-5581496 e-con-full e-flex e-con e-child\" data-id=\"5581496\" data-element_type=\"container\" data-e-type=\"container\">\n\t\t\t\t<div class=\"elementor-element elementor-element-8fa410c elementor-widget elementor-widget-heading\" data-id=\"8fa410c\" data-element_type=\"widget\" data-e-type=\"widget\" data-widget_type=\"heading.default\">\n\t\t\t\t<div class=\"elementor-widget-container\">\n\t\t\t\t\t<h1 class=\"elementor-heading-title elementor-size-default\">O nas<\/h1>\t\t\t\t<\/div>\n\t\t\t\t<\/div>\n\t\t\t\t<div class=\"elementor-element elementor-element-dd18b00 elementor-widget elementor-widget-text-editor\" data-id=\"dd18b00\" data-element_type=\"widget\" data-e-type=\"widget\" data-widget_type=\"text-editor.default\">\n\t\t\t\t<div class=\"elementor-widget-container\">\n\t\t\t\t\t\t\t\t\t<p data-start=\"315\" data-end=\"505\">Culmium sestavlja ekipa izku\u0161enih strokovnjakov s podro\u010dij  fizike, geologije, materialnih znanosti in matematike z enim skupnim ciljem: re\u0161evati resni\u010dne industrijske izzive z jasnostjo, hitrostjo in znanstveno natan\u010dnostjo.<\/p><p data-start=\"507\" data-end=\"840\">Verjamemo, da tehnologija slu\u017ei ljudem - ne da jih obremenjuje. Zato je na\u0161e delo vedno zasnovano na sodelovanju, preglednosti in rezultatih. Od najmanj\u0161ih podrobnosti do izbolj\u0161av procesov v velikem obsegu - pomagamo podjetjem in raziskovalnim institucijam delati pametneje in u\u010dinkoviteje.<\/p>\t\t\t\t\t\t\t\t<\/div>\n\t\t\t\t<\/div>\n\t\t\t\t<\/div>\n\t\t<div class=\"elementor-element elementor-element-8b4547b e-con-full e-flex e-con e-child\" data-id=\"8b4547b\" data-element_type=\"container\" data-e-type=\"container\">\n\t\t\t\t<div class=\"elementor-element elementor-element-d541975 elementor-widget elementor-widget-image\" data-id=\"d541975\" data-element_type=\"widget\" data-e-type=\"widget\" data-widget_type=\"image.default\">\n\t\t\t\t<div class=\"elementor-widget-container\">\n\t\t\t\t\t\t\t\t\t\t\t\t\t\t\t<img fetchpriority=\"high\" decoding=\"async\" width=\"1200\" height=\"818\" src=\"https:\/\/www.culmium.com\/wp-content\/uploads\/2025\/05\/about-us.jpg\" class=\"attachment-full size-full wp-image-598\" alt=\"\" srcset=\"https:\/\/www.culmium.com\/wp-content\/uploads\/2025\/05\/about-us.jpg 1200w, https:\/\/www.culmium.com\/wp-content\/uploads\/2025\/05\/about-us-768x524.jpg 768w\" sizes=\"(max-width: 1200px) 100vw, 1200px\" \/>\t\t\t\t\t\t\t\t\t\t\t\t\t\t\t<\/div>\n\t\t\t\t<\/div>\n\t\t\t\t<\/div>\n\t\t\t\t\t<\/div>\n\t\t\t\t<\/div>\n\t\t<div class=\"elementor-element elementor-element-e3b1541 e-flex e-con-boxed e-con e-parent\" data-id=\"e3b1541\" data-element_type=\"container\" data-e-type=\"container\">\n\t\t\t\t\t<div class=\"e-con-inner\">\n\t\t<div class=\"elementor-element elementor-element-35f14f2 e-con-full e-flex e-con e-child\" data-id=\"35f14f2\" data-element_type=\"container\" data-e-type=\"container\">\n\t\t\t\t<div class=\"elementor-element elementor-element-f6fe264 elementor-widget elementor-widget-image\" data-id=\"f6fe264\" data-element_type=\"widget\" data-e-type=\"widget\" data-widget_type=\"image.default\">\n\t\t\t\t<div class=\"elementor-widget-container\">\n\t\t\t\t\t\t\t\t\t\t\t\t\t\t\t<img decoding=\"async\" width=\"1200\" height=\"801\" src=\"https:\/\/www.culmium.com\/wp-content\/uploads\/2025\/05\/who-we-are.jpg\" class=\"attachment-full size-full wp-image-593\" alt=\"\" srcset=\"https:\/\/www.culmium.com\/wp-content\/uploads\/2025\/05\/who-we-are.jpg 1200w, https:\/\/www.culmium.com\/wp-content\/uploads\/2025\/05\/who-we-are-768x513.jpg 768w\" sizes=\"(max-width: 1200px) 100vw, 1200px\" \/>\t\t\t\t\t\t\t\t\t\t\t\t\t\t\t<\/div>\n\t\t\t\t<\/div>\n\t\t\t\t<\/div>\n\t\t<div class=\"elementor-element elementor-element-c909301 e-con-full e-flex e-con e-child\" data-id=\"c909301\" data-element_type=\"container\" data-e-type=\"container\">\n\t\t\t\t<div class=\"elementor-element elementor-element-2a16a62 elementor-widget elementor-widget-heading\" data-id=\"2a16a62\" data-element_type=\"widget\" data-e-type=\"widget\" data-widget_type=\"heading.default\">\n\t\t\t\t<div class=\"elementor-widget-container\">\n\t\t\t\t\t<h2 class=\"elementor-heading-title elementor-size-default\">Kdo smo<\/h2>\t\t\t\t<\/div>\n\t\t\t\t<\/div>\n\t\t\t\t<div class=\"elementor-element elementor-element-bf0d3bb elementor-widget elementor-widget-text-editor\" data-id=\"bf0d3bb\" data-element_type=\"widget\" data-e-type=\"widget\" data-widget_type=\"text-editor.default\">\n\t\t\t\t<div class=\"elementor-widget-container\">\n\t\t\t\t\t\t\t\t\t<p data-start=\"866\" data-end=\"1194\">Nismo le svetovalci, temve\u010d znanstveni partnerji.<br data-start=\"921\" data-end=\"924\" \/>Nismo le svetovalci - smo va\u0161i partnerji pri delu. \nNa\u0161e izku\u0161nje segajo od fizike, raziskav materialov, napredne podatkovne analitike, rentgenskih preiskav do vodenja industrijskih in raziskovalnih projektov, kar nam omogo\u010da, da vsak projekt obravnavamo z ve\u010d gledi\u0161\u010d. U\u017eitek najdemo v kompleksnosti, a govorimo preprosto. Navdu\u0161ujemo se nad \u010distimi podatki, pametnimi modeli in uporabnimi rezultati.<\/p><p data-start=\"1196\" data-end=\"1447\" class=\"translation-block\">S ponosom soustvarjamo zgodbo razvojnega centra RC eNeM - organizacije, ki povezuje znanost z realnimi potrebami trga. To partnerstvo \u0161iri na\u0161 doseg in nas ohranja na \u010delu razvoja novih tehnologij in inovacij.<\/p>\t\t\t\t\t\t\t\t<\/div>\n\t\t\t\t<\/div>\n\t\t\t\t<\/div>\n\t\t\t\t\t<\/div>\n\t\t\t\t<\/div>\n\t\t<div class=\"elementor-element elementor-element-168d677 e-flex e-con-boxed e-con e-parent\" data-id=\"168d677\" data-element_type=\"container\" data-e-type=\"container\">\n\t\t\t\t\t<div class=\"e-con-inner\">\n\t\t<div class=\"elementor-element elementor-element-331e139 e-con-full e-flex e-con e-child\" data-id=\"331e139\" data-element_type=\"container\" data-e-type=\"container\">\n\t\t\t\t<div class=\"elementor-element elementor-element-e5da938 elementor-widget elementor-widget-heading\" data-id=\"e5da938\" data-element_type=\"widget\" data-e-type=\"widget\" data-widget_type=\"heading.default\">\n\t\t\t\t<div class=\"elementor-widget-container\">\n\t\t\t\t\t<h2 class=\"elementor-heading-title elementor-size-default\">Zakaj to po\u010dnemo<\/h2>\t\t\t\t<\/div>\n\t\t\t\t<\/div>\n\t\t\t\t<\/div>\n\t\t<div class=\"elementor-element elementor-element-42b0821 e-con-full e-flex e-con e-child\" data-id=\"42b0821\" data-element_type=\"container\" data-e-type=\"container\">\n\t\t<div class=\"elementor-element elementor-element-f07e912 e-con-full e-flex e-con e-child\" data-id=\"f07e912\" data-element_type=\"container\" data-e-type=\"container\">\n\t\t<div class=\"elementor-element elementor-element-8f2d107 e-con-full e-flex e-con e-child\" data-id=\"8f2d107\" data-element_type=\"container\" data-e-type=\"container\" data-settings=\"{&quot;background_background&quot;:&quot;classic&quot;}\">\n\t\t\t\t<div class=\"elementor-element elementor-element-ce0add6 elementor-widget elementor-widget-heading\" data-id=\"ce0add6\" data-element_type=\"widget\" data-e-type=\"widget\" data-widget_type=\"heading.default\">\n\t\t\t\t<div class=\"elementor-widget-container\">\n\t\t\t\t\t<h2 class=\"elementor-heading-title elementor-size-default\">Ker preve\u010d odli\u010dnih idej nikoli ne pride do realizacije.<\/h2>\t\t\t\t<\/div>\n\t\t\t\t<\/div>\n\t\t\t\t<\/div>\n\t\t<div class=\"elementor-element elementor-element-c8a66b7 e-con-full e-flex e-con e-child\" data-id=\"c8a66b7\" data-element_type=\"container\" data-e-type=\"container\" data-settings=\"{&quot;background_background&quot;:&quot;classic&quot;}\">\n\t\t\t\t<div class=\"elementor-element elementor-element-fa4dd51 elementor-widget elementor-widget-heading\" data-id=\"fa4dd51\" data-element_type=\"widget\" data-e-type=\"widget\" data-widget_type=\"heading.default\">\n\t\t\t\t<div class=\"elementor-widget-container\">\n\t\t\t\t\t<h2 class=\"elementor-heading-title elementor-size-default\">Ker preve\u010d ekip izgublja \u010das z re\u0161evanjem napa\u010dnih problemov.<\/h2>\t\t\t\t<\/div>\n\t\t\t\t<\/div>\n\t\t\t\t<\/div>\n\t\t<div class=\"elementor-element elementor-element-b0a5a6b e-con-full e-flex e-con e-child\" data-id=\"b0a5a6b\" data-element_type=\"container\" data-e-type=\"container\" data-settings=\"{&quot;background_background&quot;:&quot;classic&quot;}\">\n\t\t\t\t<div class=\"elementor-element elementor-element-04cbcf4 elementor-widget elementor-widget-heading\" data-id=\"04cbcf4\" data-element_type=\"widget\" data-e-type=\"widget\" data-widget_type=\"heading.default\">\n\t\t\t\t<div class=\"elementor-widget-container\">\n\t\t\t\t\t<h2 class=\"elementor-heading-title elementor-size-default\">Ker neporu\u0161ne tehnike in pametna orodja za delo s podatki lahko spremenijo na\u010din kako so produkti proizvedeni, testirani in izbolj\u0161ani.<\/h2>\t\t\t\t<\/div>\n\t\t\t\t<\/div>\n\t\t\t\t<\/div>\n\t\t<div class=\"elementor-element elementor-element-605b98c e-con-full e-flex e-con e-child\" data-id=\"605b98c\" data-element_type=\"container\" data-e-type=\"container\" data-settings=\"{&quot;background_background&quot;:&quot;classic&quot;}\">\n\t\t\t\t<div class=\"elementor-element elementor-element-237fd00 elementor-widget elementor-widget-heading\" data-id=\"237fd00\" data-element_type=\"widget\" data-e-type=\"widget\" data-widget_type=\"heading.default\">\n\t\t\t\t<div class=\"elementor-widget-container\">\n\t\t\t\t\t<h2 class=\"elementor-heading-title elementor-size-default\">Tu smo, da premostimo vrzel med mo\u017enostmi in njihovimi aplikacijami.<\/h2>\t\t\t\t<\/div>\n\t\t\t\t<\/div>\n\t\t\t\t<\/div>\n\t\t\t\t<\/div>\n\t\t\t\t<\/div>\n\t\t\t\t\t<\/div>\n\t\t\t\t<\/div>\n\t\t<div class=\"elementor-element elementor-element-b2a723a e-flex e-con-boxed e-con e-parent\" data-id=\"b2a723a\" data-element_type=\"container\" data-e-type=\"container\">\n\t\t\t\t\t<div class=\"e-con-inner\">\n\t\t\t\t<div class=\"elementor-element elementor-element-1d4c123 elementor-widget elementor-widget-heading\" data-id=\"1d4c123\" data-element_type=\"widget\" data-e-type=\"widget\" data-widget_type=\"heading.default\">\n\t\t\t\t<div class=\"elementor-widget-container\">\n\t\t\t\t\t<h2 class=\"elementor-heading-title elementor-size-default\">I\u0161\u010dete ekipo, ki zdru\u017euje znanost, tehnologijo in prakti\u010dno razumevanje? Kontaktirajte nas!<\/h2>\t\t\t\t<\/div>\n\t\t\t\t<\/div>\n\t\t\t\t<div class=\"elementor-element elementor-element-4377a90 elementor-mobile-align-justify elementor-widget elementor-widget-button\" data-id=\"4377a90\" data-element_type=\"widget\" data-e-type=\"widget\" data-widget_type=\"button.default\">\n\t\t\t\t<div class=\"elementor-widget-container\">\n\t\t\t\t\t\t\t\t\t<div class=\"elementor-button-wrapper\">\n\t\t\t\t\t<a class=\"elementor-button elementor-button-link elementor-size-sm\" href=\"https:\/\/www.culmium.com\/sl\/contact\/\">\n\t\t\t\t\t\t<span class=\"elementor-button-content-wrapper\">\n\t\t\t\t\t\t\t\t\t<span class=\"elementor-button-text\">Rezervirajte posvet<\/span>\n\t\t\t\t\t<\/span>\n\t\t\t\t\t<\/a>\n\t\t\t\t<\/div>\n\t\t\t\t\t\t\t\t<\/div>\n\t\t\t\t<\/div>\n\t\t\t\t\t<\/div>\n\t\t\t\t<\/div>\n\t\t\t\t<\/div>","protected":false},"excerpt":{"rendered":"<p>About Us At Culmium, we\u2019re a team of physicists, material scientists, geologists, and mathematicians with a shared goal: to solve real industrial challenges with clarity, speed, and scientific rigor. We believe technology should serve people \u2014 not overwhelm them. That\u2019s why our work is always grounded in collaboration, transparency, and results. From the smallest detail [&hellip;]<\/p>\n","protected":false},"author":1,"featured_media":0,"parent":0,"menu_order":0,"comment_status":"closed","ping_status":"closed","template":"","meta":{"footnotes":""},"class_list":["post-568","page","type-page","status-publish","hentry"],"_links":{"self":[{"href":"https:\/\/www.culmium.com\/sl\/wp-json\/wp\/v2\/pages\/568","targetHints":{"allow":["GET"]}}],"collection":[{"href":"https:\/\/www.culmium.com\/sl\/wp-json\/wp\/v2\/pages"}],"about":[{"href":"https:\/\/www.culmium.com\/sl\/wp-json\/wp\/v2\/types\/page"}],"author":[{"embeddable":true,"href":"https:\/\/www.culmium.com\/sl\/wp-json\/wp\/v2\/users\/1"}],"replies":[{"embeddable":true,"href":"https:\/\/www.culmium.com\/sl\/wp-json\/wp\/v2\/comments?post=568"}],"version-history":[{"count":22,"href":"https:\/\/www.culmium.com\/sl\/wp-json\/wp\/v2\/pages\/568\/revisions"}],"predecessor-version":[{"id":601,"href":"https:\/\/www.culmium.com\/sl\/wp-json\/wp\/v2\/pages\/568\/revisions\/601"}],"wp:attachment":[{"href":"https:\/\/www.culmium.com\/sl\/wp-json\/wp\/v2\/media?parent=568"}],"curies":[{"name":"wp","href":"https:\/\/api.w.org\/{rel}","templated":true}]}}